{"id":2699,"date":"2019-09-20T07:59:36","date_gmt":"2019-09-20T07:59:36","guid":{"rendered":"https:\/\/jfim.org\/es\/?page_id=2699"},"modified":"2019-09-20T08:12:22","modified_gmt":"2019-09-20T08:12:22","slug":"evento","status":"publish","type":"page","link":"https:\/\/jfim.org\/es\/evento\/","title":{"rendered":"Evento"},"content":{"rendered":"<div id=\"dslc-main\">\r\n\t\t\t<div  class=\"dslc-modules-section \" style=\"padding-top:153px;padding-bottom:153px;background-image:url(https:\/\/jfim.org\/es\/wp-content\/uploads\/sites\/3\/2019\/09\/iStock-157637043-mod.jpg);background-repeat:no-repeat;\" data-section-id=\"df403a99de4\">\r\n\t\t\t\t\r\n\t\t\t\t\r\n\t\t\t\t<div class=\"dslc-modules-section-wrapper dslc-clearfix\"><div  class=\"dslc-modules-area dslc-col dslc-3-col dslc-first-col\" data-size=\"3\" data-valign=\"\" data-modules-area-id=\"\" ><style type=\"text\/css\" id=\"dslca-modules-area-\"><\/style>\r\n\t\t<div id=\"dslc-module-191\" class=\"dslc-module-front dslc-module-DSLC_Image dslc-in-viewport-check dslc-in-viewport-anim-none  dslc-col dslc-12-col dslc-last-col  dslc-module-handle-like-regular \" data-module-id=\"191\" data-module=\"DSLC_Image\" data-dslc-module-size=\"12\" data-dslc-anim=\"none\" data-dslc-anim-delay=\"\" data-dslc-anim-duration=\"650\"  data-dslc-anim-easing=\"ease\" data-dslc-preset=\"none\" >\r\n\r\n\t\t\t\r\n\t\t\t\r\n\t\t\t\t<div class=\"dslc-image-container\">\r\n\t\t<div class=\"dslc-image\">\r\n\r\n\t\t\t\r\n\t\t\t\t\r\n\t\t\t\t\t\t\t\t\t<img src=\"759\" alt=\"\" title=\"\"   \/>\r\n\t\t\t\t\r\n\t\t\t\t\t\t\t\t\t<\/div><!-- .dslc-image -->\r\n\t\t<\/div>\r\n\t\t\r\n\t\t\t\t<\/div><!-- .dslc-module -->\r\n\t\t<\/div><\/div><\/div>\r\n\t\t\t<div  class=\"dslc-modules-section \" style=\"padding-top:40px;padding-bottom:40px;background-color:rgb(230,230,230);border-color:rgb(255,255,255);border-width:10px;border-top-style: hidden; border-right-style: hidden; border-left-style: hidden; \" data-section-id=\"5456eb638c2\">\r\n\t\t\t\t\r\n\t\t\t\t\r\n\t\t\t\t<div class=\"dslc-modules-section-wrapper dslc-clearfix\"><div  class=\"dslc-modules-area dslc-col dslc-7-col dslc-first-col\" data-size=\"7\" data-valign=\"\" data-modules-area-id=\"\" ><style type=\"text\/css\" id=\"dslca-modules-area-\"><\/style>\r\n\t\t<div id=\"dslc-module-271\" class=\"dslc-module-front dslc-module-DSLC_Text_Simple dslc-in-viewport-check dslc-in-viewport-anim-none  dslc-col dslc-12-col dslc-last-col  dslc-module-handle-like-regular \" data-module-id=\"271\" data-module=\"DSLC_Text_Simple\" data-dslc-module-size=\"12\" data-dslc-anim=\"none\" data-dslc-anim-delay=\"\" data-dslc-anim-duration=\"650\"  data-dslc-anim-easing=\"ease\" data-dslc-preset=\"none\" >\r\n\r\n\t\t\t\r\n\t\t\t\r\n\t\t\n\t\t<div class=\"dslc-text-module-content\">\n\t\t\t<h2>MEXICO\u00a0<span style=\"color: #2aa9e0;\">Mexico<\/span><\/h2>\t\t<\/div>\n\n\t\t\r\n\t\t\t\t<\/div><!-- .dslc-module -->\r\n\t\t\r\n\t\t<div id=\"dslc-module-272\" class=\"dslc-module-front dslc-module-DSLC_Text_Simple dslc-in-viewport-check dslc-in-viewport-anim-none  dslc-col dslc-12-col dslc-last-col  dslc-module-handle-like-regular \" data-module-id=\"272\" data-module=\"DSLC_Text_Simple\" data-dslc-module-size=\"12\" data-dslc-anim=\"none\" data-dslc-anim-delay=\"\" data-dslc-anim-duration=\"650\"  data-dslc-anim-easing=\"ease\" data-dslc-preset=\"none\" >\r\n\r\n\t\t\t\r\n\t\t\t\r\n\t\t\n\t\t<div class=\"dslc-text-module-content\">\n\t\t\t<p><span style=\"font-family: Arial, serif;\"><span lang=\"en-US\"><strong>President and co-president:<\/strong> Pr Chistine HOEFFEL, France, Pr Miguel A. PALACIOS MONTESINOS - Mexico <\/span><\/span><\/p><p><span style=\"font-family: Arial, serif;\"><span lang=\"en-US\"><strong>Progam and Scientific Organizers:<\/strong> Dr Luc Rotenberg <\/span><\/span><\/p><p><span style=\"font-family: Arial, serif;\"><span lang=\"en-US\"><strong>Academic Partners:<\/strong> SMRI - Sociedad Mexicana de Radiolog\u00eda e Imagen, ECP - European Cancer Prevention Organization<\/span><\/span><\/p>\t\t<\/div>\n\n\t\t\r\n\t\t\t\t<\/div><!-- .dslc-module -->\r\n\t\t<\/div><div  class=\"dslc-modules-area dslc-col dslc-5-col dslc-last-col\" data-size=\"5\" data-valign=\"\" data-modules-area-id=\"\" ><style type=\"text\/css\" id=\"dslca-modules-area-\"><\/style>\r\n\t\t<div id=\"dslc-module-187\" class=\"dslc-module-front dslc-module-DSLC_Text_Simple dslc-in-viewport-check dslc-in-viewport-anim-none  dslc-col dslc-12-col dslc-last-col  dslc-module-handle-like-regular jinformbox\" data-module-id=\"187\" data-module=\"DSLC_Text_Simple\" data-dslc-module-size=\"12\" data-dslc-anim=\"none\" data-dslc-anim-delay=\"\" data-dslc-anim-duration=\"650\"  data-dslc-anim-easing=\"ease\" data-dslc-preset=\"none\" >\r\n\r\n\t\t\t\r\n\t\t\t\r\n\t\t\n\t\t<div class=\"dslc-text-module-content\">\n\t\t\t<div class=\"dates\"><h1 style=\"text-align: center;\"><span class=\"h1 start\">7 <span style=\"color: #2aa9e0;\">><\/span><\/span> 10<\/h1><h2 class=\"month\" style=\"text-align: center;\">NOVEMBER 2019<\/h2><p>\u00a0<\/p><\/div><div class=\"duration\" style=\"text-align: center;\"><p style=\"text-align: center;\"><span style=\"color: #2aa9e0;\">______<\/span> \u00a0 \u00a0 3 DAYS \u00a0<span style=\"color: #2aa9e0;\"> ______<\/span><\/p><\/div><h3 class=\"location\" style=\"text-align: center;\"><b>MEXICO - MEXICO<\/b><\/h3>\t\t<\/div>\n\n\t\t\r\n\t\t\t\t<\/div><!-- .dslc-module -->\r\n\t\t\r\n\t\t<div id=\"dslc-module-188\" class=\"dslc-module-front dslc-module-DSLC_TP_Downloads_Button dslc-in-viewport-check dslc-in-viewport-anim-none  dslc-col dslc-12-col dslc-last-col  dslc-module-handle-like-regular \" data-module-id=\"188\" data-module=\"DSLC_TP_Downloads_Button\" data-dslc-module-size=\"12\" data-dslc-anim=\"none\" data-dslc-anim-delay=\"\" data-dslc-anim-duration=\"650\"  data-dslc-anim-easing=\"ease\" data-dslc-preset=\"btnevt\" >\r\n\r\n\t\t\t\r\n\t\t\t\r\n\t\t\r\n\t\t\t\t<div class=\"dslc-tp-download-button\">\r\n\t\t\t\t\t\t\t\t\t\t<a target=\"_blank\" class=\"dslc-download-count-hook\" data-post-id=\"2699\" href=\"\" download>\r\n\t\t\t\t\t\t\t\t\t\t\t\t\t\t\t\t\t\t<span class=\"dslc-icon dslc-icon-\"><\/span>\t\r\n\t\t\t\t\t\t\t\t\t\t\t\t\t\t\t\t\t\t\t<span>PROGRAM<\/span>\r\n\t\t\t\t\t\t\t\t\t\t\t<\/a>\r\n\t\t\t\t<\/div><!-- .dslc-download-button -->\r\n\r\n\t\t\t\r\n\t\t\t\t<\/div><!-- .dslc-module -->\r\n\t\t<\/div><div  class=\"dslc-modules-area dslc-col dslc-6-col dslc-first-col\" data-size=\"6\" data-valign=\"\" data-modules-area-id=\"\" ><style type=\"text\/css\" id=\"dslca-modules-area-\"><\/style>\r\n\t\t<div id=\"dslc-module-0f3daea489b\" class=\"dslc-module-front dslc-module-DSLC_Image dslc-in-viewport-check dslc-in-viewport-anim-none  dslc-col dslc-2-col  dslc-module-handle-like-regular \" data-module-id=\"0f3daea489b\" data-module=\"DSLC_Image\" data-dslc-module-size=\"2\" data-dslc-anim=\"none\" data-dslc-anim-delay=\"\" data-dslc-anim-duration=\"650\"  data-dslc-anim-easing=\"ease\" data-dslc-preset=\"none\" >\r\n\r\n\t\t\t\r\n\t\t\t\r\n\t\t\t\t<div class=\"dslc-image-container\">\r\n\t\t<div class=\"dslc-image\">\r\n\r\n\t\t\t\r\n\t\t\t\t\r\n\t\t\t\t\t\t\t\t\t<img src=\"https:\/\/jfim.org\/wp-content\/uploads\/2019\/07\/smri.jpg\" alt=\"\" title=\"\"   \/>\r\n\t\t\t\t\r\n\t\t\t\t\t\t\t\t\t<\/div><!-- .dslc-image -->\r\n\t\t<\/div>\r\n\t\t\r\n\t\t\t\t<\/div><!-- .dslc-module -->\r\n\t\t\r\n\t\t<div id=\"dslc-module-bk311srojqo\" class=\"dslc-module-front dslc-module-DSLC_Image dslc-in-viewport-check dslc-in-viewport-anim-none  dslc-col dslc-2-col  dslc-module-handle-like-regular \" data-module-id=\"bk311srojqo\" data-module=\"DSLC_Image\" data-dslc-module-size=\"2\" data-dslc-anim=\"none\" data-dslc-anim-delay=\"\" data-dslc-anim-duration=\"650\"  data-dslc-anim-easing=\"ease\" data-dslc-preset=\"none\" >\r\n\r\n\t\t\t\r\n\t\t\t\r\n\t\t\t\t<div class=\"dslc-image-container\">\r\n\t\t<div class=\"dslc-image\">\r\n\r\n\t\t\t\r\n\t\t\t\t\r\n\t\t\t\t\t\t\t\t\t<img src=\"https:\/\/jfim.org\/wp-content\/uploads\/2019\/07\/ecp.jpg\" alt=\"\" title=\"\"   \/>\r\n\t\t\t\t\r\n\t\t\t\t\t\t\t\t\t<\/div><!-- .dslc-image -->\r\n\t\t<\/div>\r\n\t\t\r\n\t\t\t\t<\/div><!-- .dslc-module -->\r\n\t\t<\/div><div  class=\"dslc-modules-area dslc-col dslc-12-col dslc-first-col\" data-size=\"12\" data-valign=\"\" data-modules-area-id=\"\" ><style type=\"text\/css\" id=\"dslca-modules-area-\"><\/style>\r\n\t\t<div id=\"dslc-module-cfc30903e07\" class=\"dslc-module-front dslc-module-DSLC_Separator dslc-in-viewport-check dslc-in-viewport-anim-none  dslc-col dslc-12-col dslc-last-col  dslc-module-handle-like-regular \" data-module-id=\"cfc30903e07\" data-module=\"DSLC_Separator\" data-dslc-module-size=\"12\" data-dslc-anim=\"none\" data-dslc-anim-delay=\"0\" data-dslc-anim-duration=\"650\"  data-dslc-anim-easing=\"ease\" data-dslc-preset=\"none\" >\r\n\r\n\t\t\t\r\n\t\t\t\r\n\t\t\t\t\t<div class=\"dslc-separator-wrapper\">\n\t\t\t\t<div class=\"dslc-separator dslc-separator-style-invisible\">\n\t\t\t\t\t\t\t\t\t<\/div>\n\t\t\t\t<div><\/div>\n\t\t\t<\/div><!-- .dslc-separator-wrapper -->\n\t\t\t\r\n\t\t\t\t<\/div><!-- .dslc-module -->\r\n\t\t<\/div><\/div><\/div>\r\n\t\t\t<div  class=\"dslc-modules-section  dslc-full \" style=\"margin-bottom:38px;padding-top:12px;padding-bottom:12px;padding-left:3%;padding-right:3%;background-color:#f0f0eb;\" data-section-id=\"3fe6ac5b773\">\r\n\t\t\t\t\r\n\t\t\t\t\r\n\t\t\t\t<div class=\"dslc-modules-section-wrapper dslc-clearfix\"><div  class=\"dslc-modules-area dslc-col dslc-12-col dslc-last-col\" data-size=\"12\" data-valign=\"\" data-modules-area-id=\"\" ><style type=\"text\/css\" id=\"dslca-modules-area-\"><\/style>\r\n\t\t<div id=\"dslc-module-268\" class=\"dslc-module-front dslc-module-DSLC_Text_Simple dslc-in-viewport-check dslc-in-viewport-anim-none  dslc-col dslc-12-col dslc-last-col  dslc-module-handle-like-regular \" data-module-id=\"268\" data-module=\"DSLC_Text_Simple\" data-dslc-module-size=\"12\" data-dslc-anim=\"none\" data-dslc-anim-delay=\"\" data-dslc-anim-duration=\"650\"  data-dslc-anim-easing=\"ease\" data-dslc-preset=\"none\" >\r\n\r\n\t\t\t\r\n\t\t\t\r\n\t\t\n\t\t<div class=\"dslc-text-module-content\">\n\t\t\t<h2 style=\"text-align: center;\"><span style=\"font-weight: 400;\">New Trend in Medical Imaging & Artificial Intelligence - Revolution in Next Future Practice<\/span><\/h2><p style=\"text-align: center;\"><span style=\"font-weight: 400;\">Mexico, <\/span>7th-10th November 2019<\/p>\t\t<\/div>\n\n\t\t\r\n\t\t\t\t<\/div><!-- .dslc-module -->\r\n\t\t\r\n\t\t<div id=\"dslc-module-5490b784b67\" class=\"dslc-module-front dslc-module-DSLC_Text_Simple dslc-in-viewport-check dslc-in-viewport-anim-none  dslc-col dslc-12-col dslc-last-col  dslc-module-handle-like-regular \" data-module-id=\"5490b784b67\" data-module=\"DSLC_Text_Simple\" data-dslc-module-size=\"12\" data-dslc-anim=\"none\" data-dslc-anim-delay=\"\" data-dslc-anim-duration=\"650\"  data-dslc-anim-easing=\"ease\" data-dslc-preset=\"none\" >\r\n\r\n\t\t\t\r\n\t\t\t\r\n\t\t\n\t\t<div class=\"dslc-text-module-content\">\n\t\t\t<h2 style=\"text-align: center;\">CHAIRMEN and SPEAKERS<\/h2>\t\t<\/div>\n\n\t\t\r\n\t\t\t\t<\/div><!-- .dslc-module -->\r\n\t\t\r\n\t\t<div id=\"dslc-module-269\" class=\"dslc-module-front dslc-module-DSLC_Text_Simple dslc-in-viewport-check dslc-in-viewport-anim-none  dslc-col dslc-6-col  dslc-module-handle-like-regular \" data-module-id=\"269\" data-module=\"DSLC_Text_Simple\" data-dslc-module-size=\"6\" data-dslc-anim=\"none\" data-dslc-anim-delay=\"\" data-dslc-anim-duration=\"650\"  data-dslc-anim-easing=\"ease\" data-dslc-preset=\"textcss\" >\r\n\r\n\t\t\t\r\n\t\t\t\r\n\t\t\n\t\t<div class=\"dslc-text-module-content\">\n\t\t\t<h2><b>Mexico:<\/b><\/h2><p>Pr Miguel A. PALACIOS, SMRI president, Dr Miguel STOOPEN ROMETTI, Dra Ericka Magdalena LEON GUERRERO, Dra Maria Guadalupe SANTOYO, Dra. Araceli Cabanillas SEGURA, Dra Ericka Magdalena LEON GUERRERO, Dr. Garly Daniel Gonz\u00e1lez ROSADO, Dr Ricardo MARTINEZ MARTINEZ, Dra Veronique BAROIS BOULLARD, Dra. Mar\u00eda del Carmen Lara TAMBURRINO, Dra Estefania MURRIETA PERALTA, Dr. Juan Luis ORT\u00cdZ LE\u00d3N, Dra. Ana Karen VILLA MART\u00cdNEZ, Dr. Sergio Andr\u00e9s CRIALES VERA, Dr Oscar QUIROZ CASTRO, Dr. Luis Felipe ALVA L\u00d3PEZ, Dr Santiago SAAVEDRA, Dra. Katiuzka CASARES CRUZ, Dr. Jorge BALDERRAMA BA\u00d1ARES, Dr. Carlos CASI\u00c1N RUIZ, Dr. Fernando Mart\u00edn BIASOTTI, Dr. Cutberto SANTOYO LLAMAS, Dr. Gustavo V\u00c1ZQUEZ CARDOSO, Dr. H\u00e9ctor MURRIETA GONZ\u00c1LEZ<\/p>\t\t<\/div>\n\n\t\t\r\n\t\t\t\t<\/div><!-- .dslc-module -->\r\n\t\t\r\n\t\t<div id=\"dslc-module-270\" class=\"dslc-module-front dslc-module-DSLC_Text_Simple dslc-in-viewport-check dslc-in-viewport-anim-none  dslc-col dslc-6-col dslc-last-col  dslc-module-handle-like-regular \" data-module-id=\"270\" data-module=\"DSLC_Text_Simple\" data-dslc-module-size=\"6\" data-dslc-anim=\"none\" data-dslc-anim-delay=\"\" data-dslc-anim-duration=\"650\"  data-dslc-anim-easing=\"ease\" data-dslc-preset=\"textcss\" >\r\n\r\n\t\t\t\r\n\t\t\t\r\n\t\t\n\t\t<div class=\"dslc-text-module-content\">\n\t\t\t<h2><b>France:<\/b><\/h2><p>Pr Lionel ARRIVE, CHU Saint-Antoine Paris,, Pr Marc BAZOT, CHU Tenon Paris, Dr Farida BENOUDIBA, CHU Kremlin Bic\u00eatre,, Dr Didier BOURGEOIS, ISHH Neuilly Sur Seine, Dr Albert COHEN, Paris,, Dr Marie CUINET, CLCC Leon Berard, Lyon,, Pr Catherine CYTEVAL, CHU Montpellier, Pr Philippe DOUEK, CHU Lyon, Pr Gilbert FERRETTI, CHU Grenoble, Dr Francoise HERAN, Fond Rothschild Paris, Pr Christine HOEFFEL, CHU Reims, Dr Francois LAFITTE, Fond Rothschild Paris, , Dr Gregory LENCZNER, RPO - Neuilly Sur Seine, Dr Yvonne MARATOS, Cannes, Dr Thierry POUSSE Angoul\u00e8me, Pr Jean Pierre PRUVO, CHRU Lilles, , Dr Luc ROTENBERG, RPO - Neuilly Sur Seine,, Dr Jean Yves SEROR, CI Duroc Paris, Dr Igor SMIT, Rotterdam Netherlands, Pr Jean Pierre TASU, CHU Poitiers, Pr Jean Michel TUBIANA, CHU Saint-Antoine Paris, Dr Sophie TAIEB, CLCC O. Lambret Lille, Pr Patrice TAOUREL, CHU Montpellier, Pr Jean Luc SARRAZIN, Hop Am\u00e9ricain Paris<\/p>\t\t<\/div>\n\n\t\t\r\n\t\t\t\t<\/div><!-- .dslc-module -->\r\n\t\t<\/div><\/div><\/div><\/div>","protected":false},"excerpt":{"rendered":"MEXICO\u00a0Mexico President and co-president: Pr Chistine HOEFFEL, France, Pr Miguel A. PALACIOS MONTESINOS - Mexico Progam and Scientific Organizers: Dr Luc Rotenberg Academic Partners: SMRI - Sociedad Mexicana de Radiolog\u00eda e Imagen, ECP - European Cancer Prevention Organization 7 > 10NOVEMBER 2019\u00a0______ \u00a0 \u00a0 3 DAYS \u00a0 ______MEXICO - MEXICO PROGRAM New Trend in Medical [&hellip;]","protected":false},"author":1,"featured_media":0,"parent":0,"menu_order":0,"comment_status":"closed","ping_status":"closed","template":"","meta":{"_exactmetrics_skip_tracking":false,"_exactmetrics_sitenote_active":false,"_exactmetrics_sitenote_note":"","_exactmetrics_sitenote_category":0,"footnotes":""},"class_list":["post-2699","page","type-page","status-publish","hentry"],"_links":{"self":[{"href":"https:\/\/jfim.org\/es\/wp-json\/wp\/v2\/pages\/2699","targetHints":{"allow":["GET"]}}],"collection":[{"href":"https:\/\/jfim.org\/es\/wp-json\/wp\/v2\/pages"}],"about":[{"href":"https:\/\/jfim.org\/es\/wp-json\/wp\/v2\/types\/page"}],"author":[{"embeddable":true,"href":"https:\/\/jfim.org\/es\/wp-json\/wp\/v2\/users\/1"}],"replies":[{"embeddable":true,"href":"https:\/\/jfim.org\/es\/wp-json\/wp\/v2\/comments?post=2699"}],"version-history":[{"count":1,"href":"https:\/\/jfim.org\/es\/wp-json\/wp\/v2\/pages\/2699\/revisions"}],"predecessor-version":[{"id":2700,"href":"https:\/\/jfim.org\/es\/wp-json\/wp\/v2\/pages\/2699\/revisions\/2700"}],"wp:attachment":[{"href":"https:\/\/jfim.org\/es\/wp-json\/wp\/v2\/media?parent=2699"}],"curies":[{"name":"wp","href":"https:\/\/api.w.org\/{rel}","templated":true}]}}